{"id":5981,"date":"2022-02-27T00:29:51","date_gmt":"2022-02-27T00:29:51","guid":{"rendered":"http:\/\/grupo-zuniga.com\/proyectos\/giz\/?page_id=5981"},"modified":"2023-01-17T20:20:14","modified_gmt":"2023-01-17T20:20:14","slug":"contacto","status":"publish","type":"page","link":"https:\/\/distribucionelectrica4.minem.gob.pe\/giz\/?page_id=5981","title":{"rendered":"Contacto"},"content":{"rendered":"\t\t<div data-elementor-type=\"wp-page\" data-elementor-id=\"5981\" class=\"elementor elementor-5981\" data-elementor-settings=\"[]\">\r\n\t\t\t\t\t\t\t<div class=\"elementor-section-wrap\">\r\n\t\t\t\t\t\t\t<section class=\"elementor-section elementor-top-section elementor-element elementor-element-eed6418 elementor-section-boxed elementor-section-height-default elementor-section-height-default\" data-id=\"eed6418\" data-element_type=\"section\">\r\n\t\t\t\t\t\t<div class=\"elementor-container elementor-column-gap-default\">\r\n\t\t\t\t\t<div class=\"elementor-column elementor-col-50 elementor-top-column elementor-element elementor-element-8b325df\" data-id=\"8b325df\" data-element_type=\"column\">\r\n\t\t\t<div class=\"elementor-widget-wrap elementor-element-populated\">\r\n\t\t\t\t\t\t\t\t<div class=\"elementor-element elementor-element-a344877 elementor-widget elementor-widget-heading\" data-id=\"a344877\" data-element_type=\"widget\" data-widget_type=\"heading.default\">\r\n\t\t\t\t<div class=\"elementor-widget-container\">\r\n\t\t\t<style>\/*! elementor - v3.5.6 - 28-02-2022 *\/\r\n.elementor-heading-title{padding:0;margin:0;line-height:1}.elementor-widget-heading .elementor-heading-title[class*=elementor-size-]>a{color:inherit;font-size:inherit;line-height:inherit}.elementor-widget-heading .elementor-heading-title.elementor-size-small{font-size:15px}.elementor-widget-heading .elementor-heading-title.elementor-size-medium{font-size:19px}.elementor-widget-heading .elementor-heading-title.elementor-size-large{font-size:29px}.elementor-widget-heading .elementor-heading-title.elementor-size-xl{font-size:39px}.elementor-widget-heading .elementor-heading-title.elementor-size-xxl{font-size:59px}<\/style><h2 class=\"elementor-heading-title elementor-size-default\">Contacto<\/h2>\t\t<\/div>\r\n\t\t\t\t<\/div>\r\n\t\t\t\t<div class=\"elementor-element elementor-element-8246104 elementor-widget elementor-widget-heading\" data-id=\"8246104\" data-element_type=\"widget\" data-widget_type=\"heading.default\">\r\n\t\t\t\t<div class=\"elementor-widget-container\">\r\n\t\t\t<h3 class=\"elementor-heading-title elementor-size-default\">Ministerio de energ\u00eda y Minas<\/h3>\t\t<\/div>\r\n\t\t\t\t<\/div>\r\n\t\t\t\t<div class=\"elementor-element elementor-element-b32005b elementor-widget elementor-widget-ova_contact_info\" data-id=\"b32005b\" data-element_type=\"widget\" data-widget_type=\"ova_contact_info.default\">\r\n\t\t\t\t<div class=\"elementor-widget-container\">\r\n\t\t\t\t\t<div class=\"ova-contact-info type3\">\r\n\r\n\t\t\t<div class=\"icon\">\r\n\t\t\t\t<i class=\"fas fa-map-marker-alt\"><\/i>\t\t\t<\/div>\r\n\r\n\t\t\t\t\t\t\t<div class=\"address\">\r\n\t\t\t\t\t\t\t\t\t\t\t\t\t\t\t\t<label >Direcci\u00f3n:<\/label>\r\n\t\t\t\t\t\t\t\t\t\t<span class=\"text_link\">Av. Las Artes Sur 260. San Borja. Lima. Per\u00fa<\/span>\r\n\t\t\t\t<\/div>\r\n\t\t\t\t\t\t\r\n\t\t<\/div>\r\n\t\t\t\t<\/div>\r\n\t\t\t\t<\/div>\r\n\t\t\t\t<div class=\"elementor-element elementor-element-3ca902b elementor-widget elementor-widget-ova_contact_info\" data-id=\"3ca902b\" data-element_type=\"widget\" data-widget_type=\"ova_contact_info.default\">\r\n\t\t\t\t<div class=\"elementor-widget-container\">\r\n\t\t\t\t\t<div class=\"ova-contact-info type3\">\r\n\r\n\t\t\t<div class=\"icon\">\r\n\t\t\t\t<i class=\"fas fa-phone-alt\"><\/i>\t\t\t<\/div>\r\n\r\n\t\t\t\t\t\t\t<div class=\"address\">\r\n\t\t\t\t\t\t\t\t\t\t\t\t\t\t\t\t<label >Tel\u00e9fono:<\/label>\r\n\t\t\t\t\t\t\t\t\t\t<span class=\"text_link\"><a href='tel:+514111100'>(+511) 411-1100<\/a><\/span>\r\n\t\t\t\t<\/div>\r\n\t\t\t\t\t\t\r\n\t\t<\/div>\r\n\t\t\t\t<\/div>\r\n\t\t\t\t<\/div>\r\n\t\t\t\t<div class=\"elementor-element elementor-element-980b3e7 elementor-widget elementor-widget-ova_contact_info\" data-id=\"980b3e7\" data-element_type=\"widget\" data-widget_type=\"ova_contact_info.default\">\r\n\t\t\t\t<div class=\"elementor-widget-container\">\r\n\t\t\t\t\t<div class=\"ova-contact-info type3\">\r\n\r\n\t\t\t<div class=\"icon\">\r\n\t\t\t\t<i class=\"fas fa-envelope\"><\/i>\t\t\t<\/div>\r\n\r\n\t\t\t\t\t\t\t<div class=\"address\">\r\n\t\t\t\t\t\t\t\t\t\t\t\t\t\t\t\t<label >Email:<\/label>\r\n\t\t\t\t\t\t\t\t\t\t<span class=\"text_link\"><a href='tel:webmaster@minem.gob.pe'>webmaster@minem.gob.pe<\/a><\/span>\r\n\t\t\t\t<\/div>\r\n\t\t\t\t\t\t\r\n\t\t<\/div>\r\n\t\t\t\t<\/div>\r\n\t\t\t\t<\/div>\r\n\t\t\t\t<div class=\"elementor-element elementor-element-9672dd3 elementor-widget elementor-widget-heading\" data-id=\"9672dd3\" data-element_type=\"widget\" data-widget_type=\"heading.default\">\r\n\t\t\t\t<div class=\"elementor-widget-container\">\r\n\t\t\t<h3 class=\"elementor-heading-title elementor-size-default\">Horario<\/h3>\t\t<\/div>\r\n\t\t\t\t<\/div>\r\n\t\t\t\t<div class=\"elementor-element elementor-element-d5b8f7d elementor-widget elementor-widget-text-editor\" data-id=\"d5b8f7d\" data-element_type=\"widget\" data-widget_type=\"text-editor.default\">\r\n\t\t\t\t<div class=\"elementor-widget-container\">\r\n\t\t\t<style>\/*! elementor - v3.5.6 - 28-02-2022 *\/\r\n.elementor-widget-text-editor.elementor-drop-cap-view-stacked .elementor-drop-cap{background-color:#818a91;color:#fff}.elementor-widget-text-editor.elementor-drop-cap-view-framed .elementor-drop-cap{color:#818a91;border:3px solid;background-color:transparent}.elementor-widget-text-editor:not(.elementor-drop-cap-view-default) .elementor-drop-cap{margin-top:8px}.elementor-widget-text-editor:not(.elementor-drop-cap-view-default) .elementor-drop-cap-letter{width:1em;height:1em}.elementor-widget-text-editor .elementor-drop-cap{float:left;text-align:center;line-height:1;font-size:50px}.elementor-widget-text-editor .elementor-drop-cap-letter{display:inline-block}<\/style>\t\t\t\t<p>Abierto de Lunes a Viernes de 8 a.m. a 5 p.m.\u00a0<\/p>\t\t\t\t\t\t<\/div>\r\n\t\t\t\t<\/div>\r\n\t\t\t\t<div class=\"elementor-element elementor-element-4d178b7 elementor-widget elementor-widget-ova_social\" data-id=\"4d178b7\" data-element_type=\"widget\" data-widget_type=\"ova_social.default\">\r\n\t\t\t\t<div class=\"elementor-widget-container\">\r\n\t\t\t\t\t<div class=\"ova_social ova-framework-social-icons-wrapper\">\r\n\t\t\t<div class=\"content\">\r\n\t\t\t\t\r\n\t\t\t\t\t\t\t\t\t\t<a class=\"ova-framework-icon ova-framework-social-icon ova-framework-social-icon-facebook-square\" style=\" background-color: #3B5998\" href=\"https:\/\/www.facebook.com\/MinemPeru\" target=\"_blank\">\r\n\t\t\t\t\t\t<span class=\"ova-framework-screen-only\">Facebook-square<\/span>\r\n\t\t\t\t\t\t<i class=\"fa fa-facebook-square\" style=\" color: #fff\"><\/i>\r\n\t\t\t\t\t<\/a>\r\n\t\t\t\t\r\n\t\t\t\t\t\t\t\t\t\t<a class=\"ova-framework-icon ova-framework-social-icon ova-framework-social-icon-twitter\" style=\" background-color: #18A6F0\" href=\"https:\/\/twitter.com\/MinemPeru\/\" target=\"_blank\">\r\n\t\t\t\t\t\t<span class=\"ova-framework-screen-only\">Twitter<\/span>\r\n\t\t\t\t\t\t<i class=\"fa fa-twitter\" style=\" color: #fff\"><\/i>\r\n\t\t\t\t\t<\/a>\r\n\t\t\t\t\r\n\t\t\t\t\t\t\t\t\t\t<a class=\"ova-framework-icon ova-framework-social-icon ova-framework-social-icon-instagram\" style=\" background-color: #D1086A\" href=\"https:\/\/www.instagram.com\/minemperu\" target=\"_blank\">\r\n\t\t\t\t\t\t<span class=\"ova-framework-screen-only\">Instagram<\/span>\r\n\t\t\t\t\t\t<i class=\"fa fa-instagram\" style=\" color: #fff\"><\/i>\r\n\t\t\t\t\t<\/a>\r\n\t\t\t\t\r\n\t\t\t\t\t\t\t\t\t\t<a class=\"ova-framework-icon ova-framework-social-icon ova-framework-social-icon-youtube\" style=\" background-color: #FF0000\" href=\"https:\/\/www.youtube.com\/user\/videosminem\" target=\"_blank\">\r\n\t\t\t\t\t\t<span class=\"ova-framework-screen-only\">Youtube<\/span>\r\n\t\t\t\t\t\t<i class=\"fa fa-youtube\" style=\" color: #fff\"><\/i>\r\n\t\t\t\t\t<\/a>\r\n\t\t\t\t\t\t\t<\/div>\r\n\t\t<\/div>\r\n\t\t\t\t<\/div>\r\n\t\t\t\t<\/div>\r\n\t\t\t\t\t<\/div>\r\n\t\t<\/div>\r\n\t\t\t\t<div class=\"elementor-column elementor-col-50 elementor-top-column elementor-element elementor-element-508a2c4\" data-id=\"508a2c4\" data-element_type=\"column\">\r\n\t\t\t<div class=\"elementor-widget-wrap elementor-element-populated\">\r\n\t\t\t\t\t\t\t\t<div class=\"elementor-element elementor-element-1521ae8 elementor-widget elementor-widget-image\" data-id=\"1521ae8\" data-element_type=\"widget\" data-widget_type=\"image.default\">\r\n\t\t\t\t<div class=\"elementor-widget-container\">\r\n\t\t\t<style>\/*! elementor - v3.5.6 - 28-02-2022 *\/\r\n.elementor-widget-image{text-align:center}.elementor-widget-image a{display:inline-block}.elementor-widget-image a img[src$=\".svg\"]{width:48px}.elementor-widget-image img{vertical-align:middle;display:inline-block}<\/style>\t\t\t\t\t\t\t\t\t\t\t\t<img width=\"745\" height=\"492\" src=\"https:\/\/distribucionelectrica4.minem.gob.pe\/giz\/wp-content\/uploads\/2022\/03\/contacto.jpg\" class=\"attachment-large size-large\" alt=\"\" loading=\"lazy\" srcset=\"https:\/\/distribucionelectrica4.minem.gob.pe\/giz\/wp-content\/uploads\/2022\/03\/contacto.jpg 745w, https:\/\/distribucionelectrica4.minem.gob.pe\/giz\/wp-content\/uploads\/2022\/03\/contacto-300x198.jpg 300w, https:\/\/distribucionelectrica4.minem.gob.pe\/giz\/wp-content\/uploads\/2022\/03\/contacto-600x396.jpg 600w, https:\/\/distribucionelectrica4.minem.gob.pe\/giz\/wp-content\/uploads\/2022\/03\/contacto-560x370.jpg 560w\" sizes=\"(max-width: 745px) 100vw, 745px\" \/>\t\t\t\t\t\t\t\t\t\t\t\t\t\t\t<\/div>\r\n\t\t\t\t<\/div>\r\n\t\t\t\t\t<\/div>\r\n\t\t<\/div>\r\n\t\t\t\t\t\t\t<\/div>\r\n\t\t<\/section>\r\n\t\t\t\t<section class=\"elementor-section elementor-top-section elementor-element elementor-element-ac778b0 elementor-section-full_width elementor-section-height-default elementor-section-height-default\" data-id=\"ac778b0\" data-element_type=\"section\">\r\n\t\t\t\t\t\t<div class=\"elementor-container elementor-column-gap-default\">\r\n\t\t\t\t\t<div class=\"elementor-column elementor-col-100 elementor-top-column elementor-element elementor-element-6190b65\" data-id=\"6190b65\" data-element_type=\"column\">\r\n\t\t\t<div class=\"elementor-widget-wrap elementor-element-populated\">\r\n\t\t\t\t\t\t\t\t<div class=\"elementor-element elementor-element-31f9d15 elementor-widget elementor-widget-google_maps\" data-id=\"31f9d15\" data-element_type=\"widget\" data-widget_type=\"google_maps.default\">\r\n\t\t\t\t<div class=\"elementor-widget-container\">\r\n\t\t\t<style>\/*! elementor - v3.5.6 - 28-02-2022 *\/\r\n.elementor-widget-google_maps .elementor-widget-container{overflow:hidden}.elementor-widget-google_maps iframe{height:300px}<\/style>\t\t<div class=\"elementor-custom-embed\">\r\n\t\t\t<iframe frameborder=\"0\" scrolling=\"no\" marginheight=\"0\" marginwidth=\"0\"\r\n\t\t\t\t\tsrc=\"https:\/\/maps.google.com\/maps?q=MINISTERIO%20DE%20ENERG%C3%8DA%20Y%20MINAS&#038;t=m&#038;z=17&#038;output=embed&#038;iwloc=near\"\r\n\t\t\t\t\ttitle=\"MINISTERIO DE ENERG\u00cdA Y MINAS\"\r\n\t\t\t\t\taria-label=\"MINISTERIO DE ENERG\u00cdA Y MINAS\"\r\n\t\t\t><\/iframe>\r\n\t\t<\/div>\r\n\t\t\t\t<\/div>\r\n\t\t\t\t<\/div>\r\n\t\t\t\t\t<\/div>\r\n\t\t<\/div>\r\n\t\t\t\t\t\t\t<\/div>\r\n\t\t<\/section>\r\n\t\t\t\t\t\t<\/div>\r\n\t\t\t\t\t<\/div>\r\n\t\t","protected":false},"excerpt":{"rendered":"<p>Contacto Ministerio de energ\u00eda y Minas Direcci\u00f3n: Av. Las Artes Sur 260. San Borja. Lima. Per\u00fa Tel\u00e9fono: (+511) 411-1100 Email: webmaster@minem.gob.pe Horario Abierto de Lunes a Viernes de 8 a.m. a 5 p.m.&nbsp; Facebook-square Twitter Instagram Youtube<\/p>\n<div class=\"pvc_clear\"><\/div>\n<p id=\"pvc_stats_5981\" class=\"pvc_stats all  \" data-element-id=\"5981\" style=\"\"><i class=\"pvc-stats-icon large\" aria-hidden=\"true\"><svg aria-hidden=\"true\" focusable=\"false\" data-prefix=\"far\" data-icon=\"chart-bar\" role=\"img\" xmlns=\"http:\/\/www.w3.org\/2000\/svg\" viewBox=\"0 0 512 512\" class=\"svg-inline--fa fa-chart-bar fa-w-16 fa-2x\"><path fill=\"currentColor\" d=\"M396.8 352h22.4c6.4 0 12.8-6.4 12.8-12.8V108.8c0-6.4-6.4-12.8-12.8-12.8h-22.4c-6.4 0-12.8 6.4-12.8 12.8v230.4c0 6.4 6.4 12.8 12.8 12.8zm-192 0h22.4c6.4 0 12.8-6.4 12.8-12.8V140.8c0-6.4-6.4-12.8-12.8-12.8h-22.4c-6.4 0-12.8 6.4-12.8 12.8v198.4c0 6.4 6.4 12.8 12.8 12.8zm96 0h22.4c6.4 0 12.8-6.4 12.8-12.8V204.8c0-6.4-6.4-12.8-12.8-12.8h-22.4c-6.4 0-12.8 6.4-12.8 12.8v134.4c0 6.4 6.4 12.8 12.8 12.8zM496 400H48V80c0-8.84-7.16-16-16-16H16C7.16 64 0 71.16 0 80v336c0 17.67 14.33 32 32 32h464c8.84 0 16-7.16 16-16v-16c0-8.84-7.16-16-16-16zm-387.2-48h22.4c6.4 0 12.8-6.4 12.8-12.8v-70.4c0-6.4-6.4-12.8-12.8-12.8h-22.4c-6.4 0-12.8 6.4-12.8 12.8v70.4c0 6.4 6.4 12.8 12.8 12.8z\" class=\"\"><\/path><\/svg><\/i> <img loading=\"lazy\" width=\"16\" height=\"16\" alt=\"Loading\" src=\"https:\/\/distribucionelectrica4.minem.gob.pe\/giz\/wp-content\/plugins\/page-views-count\/ajax-loader-2x.gif\" border=0 \/><\/p>\n<div class=\"pvc_clear\"><\/div>\n","protected":false},"author":1,"featured_media":0,"parent":0,"menu_order":0,"comment_status":"closed","ping_status":"closed","template":"elementor_header_footer","meta":{"inline_featured_image":false},"_links":{"self":[{"href":"https:\/\/distribucionelectrica4.minem.gob.pe\/giz\/index.php?rest_route=\/wp\/v2\/pages\/5981"}],"collection":[{"href":"https:\/\/distribucionelectrica4.minem.gob.pe\/giz\/index.php?rest_route=\/wp\/v2\/pages"}],"about":[{"href":"https:\/\/distribucionelectrica4.minem.gob.pe\/giz\/index.php?rest_route=\/wp\/v2\/types\/page"}],"author":[{"embeddable":true,"href":"https:\/\/distribucionelectrica4.minem.gob.pe\/giz\/index.php?rest_route=\/wp\/v2\/users\/1"}],"replies":[{"embeddable":true,"href":"https:\/\/distribucionelectrica4.minem.gob.pe\/giz\/index.php?rest_route=%2Fwp%2Fv2%2Fcomments&post=5981"}],"version-history":[{"count":18,"href":"https:\/\/distribucionelectrica4.minem.gob.pe\/giz\/index.php?rest_route=\/wp\/v2\/pages\/5981\/revisions"}],"predecessor-version":[{"id":6136,"href":"https:\/\/distribucionelectrica4.minem.gob.pe\/giz\/index.php?rest_route=\/wp\/v2\/pages\/5981\/revisions\/6136"}],"wp:attachment":[{"href":"https:\/\/distribucionelectrica4.minem.gob.pe\/giz\/index.php?rest_route=%2Fwp%2Fv2%2Fmedia&parent=5981"}],"curies":[{"name":"wp","href":"https:\/\/api.w.org\/{rel}","templated":true}]}}