{"id":6071,"date":"2022-02-28T20:31:13","date_gmt":"2022-02-28T20:31:13","guid":{"rendered":"http:\/\/grupo-zuniga.com\/proyectos\/giz\/?page_id=6071"},"modified":"2022-03-31T20:02:46","modified_gmt":"2022-03-31T20:02:46","slug":"mapa-del-sitio","status":"publish","type":"page","link":"https:\/\/distribucionelectrica4.minem.gob.pe\/giz\/?page_id=6071","title":{"rendered":"Mapa del sitio"},"content":{"rendered":"\t\t<div data-elementor-type=\"wp-page\" data-elementor-id=\"6071\" class=\"elementor elementor-6071\" data-elementor-settings=\"[]\">\r\n\t\t\t\t\t\t\t<div class=\"elementor-section-wrap\">\r\n\t\t\t\t\t\t\t<section class=\"elementor-section elementor-top-section elementor-element elementor-element-e33667d elementor-section-boxed elementor-section-height-default elementor-section-height-default\" data-id=\"e33667d\" data-element_type=\"section\">\r\n\t\t\t\t\t\t<div class=\"elementor-container elementor-column-gap-default\">\r\n\t\t\t\t\t<div class=\"elementor-column elementor-col-50 elementor-top-column elementor-element elementor-element-3378a2c\" data-id=\"3378a2c\" data-element_type=\"column\">\r\n\t\t\t<div class=\"elementor-widget-wrap elementor-element-populated\">\r\n\t\t\t\t\t\t\t\t<div class=\"elementor-element elementor-element-1a9c539 elementor-widget elementor-widget-heading\" data-id=\"1a9c539\" data-element_type=\"widget\" data-widget_type=\"heading.default\">\r\n\t\t\t\t<div class=\"elementor-widget-container\">\r\n\t\t\t<style>\/*! elementor - v3.5.6 - 28-02-2022 *\/\r\n.elementor-heading-title{padding:0;margin:0;line-height:1}.elementor-widget-heading .elementor-heading-title[class*=elementor-size-]>a{color:inherit;font-size:inherit;line-height:inherit}.elementor-widget-heading .elementor-heading-title.elementor-size-small{font-size:15px}.elementor-widget-heading .elementor-heading-title.elementor-size-medium{font-size:19px}.elementor-widget-heading .elementor-heading-title.elementor-size-large{font-size:29px}.elementor-widget-heading .elementor-heading-title.elementor-size-xl{font-size:39px}.elementor-widget-heading .elementor-heading-title.elementor-size-xxl{font-size:59px}<\/style><h2 class=\"elementor-heading-title elementor-size-default\">Mapa del sitio<\/h2>\t\t<\/div>\r\n\t\t\t\t<\/div>\r\n\t\t\t\t<div class=\"elementor-element elementor-element-ab4b4f0 elementor-widget elementor-widget-text-editor\" data-id=\"ab4b4f0\" data-element_type=\"widget\" data-widget_type=\"text-editor.default\">\r\n\t\t\t\t<div class=\"elementor-widget-container\">\r\n\t\t\t<style>\/*! elementor - v3.5.6 - 28-02-2022 *\/\r\n.elementor-widget-text-editor.elementor-drop-cap-view-stacked .elementor-drop-cap{background-color:#818a91;color:#fff}.elementor-widget-text-editor.elementor-drop-cap-view-framed .elementor-drop-cap{color:#818a91;border:3px solid;background-color:transparent}.elementor-widget-text-editor:not(.elementor-drop-cap-view-default) .elementor-drop-cap{margin-top:8px}.elementor-widget-text-editor:not(.elementor-drop-cap-view-default) .elementor-drop-cap-letter{width:1em;height:1em}.elementor-widget-text-editor .elementor-drop-cap{float:left;text-align:center;line-height:1;font-size:50px}.elementor-widget-text-editor .elementor-drop-cap-letter{display:inline-block}<\/style>\t\t\t\t<p><span style=\"color: #202b5d;\">Lorem Ipsum is simply dummy text of the printing and typesetting industry.\u00a0<\/span><\/p>\t\t\t\t\t\t<\/div>\r\n\t\t\t\t<\/div>\r\n\t\t\t\t<div class=\"elementor-element elementor-element-5aeb6dd elementor-widget elementor-widget-text-editor\" data-id=\"5aeb6dd\" data-element_type=\"widget\" data-widget_type=\"text-editor.default\">\r\n\t\t\t\t<div class=\"elementor-widget-container\">\r\n\t\t\t\t\t\t\t<p>Lorem Ipsum is simply dummy text of the printing and typesetting indusjtry.<\/p>\t\t\t\t\t\t<\/div>\r\n\t\t\t\t<\/div>\r\n\t\t\t\t\t<\/div>\r\n\t\t<\/div>\r\n\t\t\t\t<div class=\"elementor-column elementor-col-50 elementor-top-column elementor-element elementor-element-5469545\" data-id=\"5469545\" data-element_type=\"column\">\r\n\t\t\t<div class=\"elementor-widget-wrap elementor-element-populated\">\r\n\t\t\t\t\t\t\t\t<div class=\"elementor-element elementor-element-a82fe9e elementor-widget elementor-widget-ova_menu_page\" data-id=\"a82fe9e\" data-element_type=\"widget\" id=\"menu-desplegable\" data-widget_type=\"ova_menu_page.default\">\r\n\t\t\t\t<div class=\"elementor-widget-container\">\r\n\t\t\t\t\t<div class=\"ova_menu_page type3 show-arrow\" data-position_active=\"\">\r\n\t\t\t<ul id=\"menu-menu-minem\" class=\"menu\"><li id=\"menu-item-5433\" class=\"menu-item menu-item-type-custom menu-item-object-custom menu-item-has-children menu-item-5433\"><a href=\"#\">El Proyecto<\/a>\n<ul class=\"sub-menu\">\n\t<li id=\"menu-item-5891\" class=\"menu-item menu-item-type-post_type menu-item-object-page menu-item-5891\"><a href=\"https:\/\/distribucionelectrica4.minem.gob.pe\/giz\/?page_id=5756\">Informaci\u00f3n general<\/a><\/li>\n\t<li id=\"menu-item-5890\" class=\"menu-item menu-item-type-post_type menu-item-object-page menu-item-5890\"><a href=\"https:\/\/distribucionelectrica4.minem.gob.pe\/giz\/?page_id=5776\">Objetivo y Resultados<\/a><\/li>\n\t<li id=\"menu-item-5889\" class=\"menu-item menu-item-type-post_type menu-item-object-page menu-item-5889\"><a href=\"https:\/\/distribucionelectrica4.minem.gob.pe\/giz\/?page_id=5813\">Estrategia<\/a><\/li>\n\t<li id=\"menu-item-5888\" class=\"menu-item menu-item-type-post_type menu-item-object-page menu-item-5888\"><a href=\"https:\/\/distribucionelectrica4.minem.gob.pe\/giz\/?page_id=5824\">Gobernanza del Proyecto<\/a><\/li>\n<\/ul>\n<\/li>\n<li id=\"menu-item-5435\" class=\"menu-item menu-item-type-custom menu-item-object-custom menu-item-has-children menu-item-5435\"><a href=\"#\">Centro de informaci\u00f3n<\/a>\n<ul class=\"sub-menu\">\n\t<li id=\"menu-item-7326\" class=\"menu-item menu-item-type-taxonomy menu-item-object-category menu-item-7326\"><a href=\"https:\/\/distribucionelectrica4.minem.gob.pe\/giz\/?cat=90\">Publicaciones<\/a><\/li>\n\t<li id=\"menu-item-8043\" class=\"menu-item menu-item-type-taxonomy menu-item-object-category menu-item-8043\"><a href=\"https:\/\/distribucionelectrica4.minem.gob.pe\/giz\/?cat=147\">Publicaciones internas<\/a><\/li>\n\t<li id=\"menu-item-7327\" class=\"menu-item menu-item-type-taxonomy menu-item-object-category menu-item-7327\"><a href=\"https:\/\/distribucionelectrica4.minem.gob.pe\/giz\/?cat=131\">Bolet\u00edn<\/a><\/li>\n\t<li id=\"menu-item-8814\" class=\"menu-item menu-item-type-taxonomy menu-item-object-category menu-item-8814\"><a href=\"https:\/\/distribucionelectrica4.minem.gob.pe\/giz\/?cat=181\">Cortes Informativos<\/a><\/li>\n\t<li id=\"menu-item-7376\" class=\"menu-item menu-item-type-taxonomy menu-item-object-category menu-item-7376\"><a href=\"https:\/\/distribucionelectrica4.minem.gob.pe\/giz\/?cat=132\">Materiales de Comunicaci\u00f3n<\/a><\/li>\n<\/ul>\n<\/li>\n<li id=\"menu-item-5434\" class=\"menu-item menu-item-type-custom menu-item-object-custom menu-item-has-children menu-item-5434\"><a href=\"#\">Capacitaci\u00f3n<\/a>\n<ul class=\"sub-menu\">\n\t<li id=\"menu-item-9766\" class=\"menu-item menu-item-type-taxonomy menu-item-object-category menu-item-9766\"><a href=\"https:\/\/distribucionelectrica4.minem.gob.pe\/giz\/?cat=227\">Seminarios<\/a><\/li>\n\t<li id=\"menu-item-5963\" class=\"menu-item menu-item-type-taxonomy menu-item-object-category menu-item-5963\"><a href=\"https:\/\/distribucionelectrica4.minem.gob.pe\/giz\/?cat=85\">Charlas t\u00e9cnicas<\/a><\/li>\n\t<li id=\"menu-item-7339\" class=\"menu-item menu-item-type-post_type menu-item-object-page menu-item-7339\"><a href=\"https:\/\/distribucionelectrica4.minem.gob.pe\/giz\/?page_id=7331\">Programa de Capacitaci\u00f3n<\/a><\/li>\n<\/ul>\n<\/li>\n<li id=\"menu-item-5596\" class=\"menu-item menu-item-type-custom menu-item-object-custom menu-item-has-children menu-item-5596\"><a href=\"#\">Noticias<\/a>\n<ul class=\"sub-menu\">\n\t<li id=\"menu-item-5965\" class=\"menu-item menu-item-type-taxonomy menu-item-object-category menu-item-5965\"><a href=\"https:\/\/distribucionelectrica4.minem.gob.pe\/giz\/?cat=84\">Novedades<\/a><\/li>\n\t<li id=\"menu-item-6052\" class=\"menu-item menu-item-type-post_type menu-item-object-page menu-item-6052\"><a href=\"https:\/\/distribucionelectrica4.minem.gob.pe\/giz\/?page_id=6023\">Galer\u00eda<\/a><\/li>\n<\/ul>\n<\/li>\n<li id=\"menu-item-5990\" class=\"menu-item menu-item-type-post_type menu-item-object-page menu-item-has-children menu-item-5990\"><a href=\"https:\/\/distribucionelectrica4.minem.gob.pe\/giz\/?page_id=5981\">Contacto<\/a>\n<ul class=\"sub-menu\">\n\t<li id=\"menu-item-6101\" class=\"menu-item menu-item-type-post_type menu-item-object-page menu-item-6101\"><a href=\"https:\/\/distribucionelectrica4.minem.gob.pe\/giz\/?page_id=6071\">Mapa del sitio<\/a><\/li>\n<\/ul>\n<\/li>\n<\/ul>\t\t<\/div>\r\n\t\t\t\t<\/div>\r\n\t\t\t\t<\/div>\r\n\t\t\t\t\t<\/div>\r\n\t\t<\/div>\r\n\t\t\t\t\t\t\t<\/div>\r\n\t\t<\/section>\r\n\t\t\t\t\t\t<\/div>\r\n\t\t\t\t\t<\/div>\r\n\t\t","protected":false},"excerpt":{"rendered":"<p>Mapa del sitio Lorem Ipsum is simply dummy text of the printing and typesetting industry.&nbsp; Lorem Ipsum is simply dummy text of the printing and typesetting indusjtry. El Proyecto Marco legal e institucional Objetivos Componentes y resultados Organizaci\u00f3n Glosario de t\u00e9rminos Mapa del sitio Centro de informaci\u00f3n Publicaciones Redes y sistemas inteligentes Eficiencia energ\u00e9tica Energ\u00edas [&hellip;]<\/p>\n<div class=\"pvc_clear\"><\/div>\n<p id=\"pvc_stats_6071\" class=\"pvc_stats all  \" data-element-id=\"6071\" style=\"\"><i class=\"pvc-stats-icon large\" aria-hidden=\"true\"><svg aria-hidden=\"true\" focusable=\"false\" data-prefix=\"far\" data-icon=\"chart-bar\" role=\"img\" xmlns=\"http:\/\/www.w3.org\/2000\/svg\" viewBox=\"0 0 512 512\" class=\"svg-inline--fa fa-chart-bar fa-w-16 fa-2x\"><path fill=\"currentColor\" d=\"M396.8 352h22.4c6.4 0 12.8-6.4 12.8-12.8V108.8c0-6.4-6.4-12.8-12.8-12.8h-22.4c-6.4 0-12.8 6.4-12.8 12.8v230.4c0 6.4 6.4 12.8 12.8 12.8zm-192 0h22.4c6.4 0 12.8-6.4 12.8-12.8V140.8c0-6.4-6.4-12.8-12.8-12.8h-22.4c-6.4 0-12.8 6.4-12.8 12.8v198.4c0 6.4 6.4 12.8 12.8 12.8zm96 0h22.4c6.4 0 12.8-6.4 12.8-12.8V204.8c0-6.4-6.4-12.8-12.8-12.8h-22.4c-6.4 0-12.8 6.4-12.8 12.8v134.4c0 6.4 6.4 12.8 12.8 12.8zM496 400H48V80c0-8.84-7.16-16-16-16H16C7.16 64 0 71.16 0 80v336c0 17.67 14.33 32 32 32h464c8.84 0 16-7.16 16-16v-16c0-8.84-7.16-16-16-16zm-387.2-48h22.4c6.4 0 12.8-6.4 12.8-12.8v-70.4c0-6.4-6.4-12.8-12.8-12.8h-22.4c-6.4 0-12.8 6.4-12.8 12.8v70.4c0 6.4 6.4 12.8 12.8 12.8z\" class=\"\"><\/path><\/svg><\/i> <img loading=\"lazy\" width=\"16\" height=\"16\" alt=\"Loading\" src=\"https:\/\/distribucionelectrica4.minem.gob.pe\/giz\/wp-content\/plugins\/page-views-count\/ajax-loader-2x.gif\" border=0 \/><\/p>\n<div class=\"pvc_clear\"><\/div>\n","protected":false},"author":1,"featured_media":0,"parent":0,"menu_order":0,"comment_status":"closed","ping_status":"closed","template":"elementor_header_footer","meta":{"inline_featured_image":false},"_links":{"self":[{"href":"https:\/\/distribucionelectrica4.minem.gob.pe\/giz\/index.php?rest_route=\/wp\/v2\/pages\/6071"}],"collection":[{"href":"https:\/\/distribucionelectrica4.minem.gob.pe\/giz\/index.php?rest_route=\/wp\/v2\/pages"}],"about":[{"href":"https:\/\/distribucionelectrica4.minem.gob.pe\/giz\/index.php?rest_route=\/wp\/v2\/types\/page"}],"author":[{"embeddable":true,"href":"https:\/\/distribucionelectrica4.minem.gob.pe\/giz\/index.php?rest_route=\/wp\/v2\/users\/1"}],"replies":[{"embeddable":true,"href":"https:\/\/distribucionelectrica4.minem.gob.pe\/giz\/index.php?rest_route=%2Fwp%2Fv2%2Fcomments&post=6071"}],"version-history":[{"count":29,"href":"https:\/\/distribucionelectrica4.minem.gob.pe\/giz\/index.php?rest_route=\/wp\/v2\/pages\/6071\/revisions"}],"predecessor-version":[{"id":6142,"href":"https:\/\/distribucionelectrica4.minem.gob.pe\/giz\/index.php?rest_route=\/wp\/v2\/pages\/6071\/revisions\/6142"}],"wp:attachment":[{"href":"https:\/\/distribucionelectrica4.minem.gob.pe\/giz\/index.php?rest_route=%2Fwp%2Fv2%2Fmedia&parent=6071"}],"curies":[{"name":"wp","href":"https:\/\/api.w.org\/{rel}","templated":true}]}}